{"id":14,"date":"2020-08-23T22:04:43","date_gmt":"2020-08-23T20:04:43","guid":{"rendered":"http:\/\/geotrouvetou.org\/?page_id=14"},"modified":"2024-09-09T22:42:26","modified_gmt":"2024-09-09T20:42:26","slug":"a-propos-de","status":"publish","type":"page","link":"https:\/\/geotrouvetou.org\/index.php\/a-propos-de\/","title":{"rendered":"\u00c0 propos de Nos M\u00e9thodes"},"content":{"rendered":"\n<p class=\"has-large-font-size\">Parce que leur <strong><span style=\"color: #8A2BE2;\">potentiel<\/span> <\/strong>est <span style=\"color: #8A2BE2;\"><strong>immense<\/strong><\/span>, nous aidons les jeunes \u00e0 le r\u00e9aliser!<\/p>\n\n\n\n<p class=\"has-large-font-size\">Il ne s&#8217;agit pas de leur fournir des r\u00e9ponses toutes faites mais bien de les <strong><span style=\"color: #8A2BE2;\">guider<\/span> <\/strong>pour qu&#8217;ils les trouvent eux-m\u00eames, de raviver leur curiosit\u00e9 et leur soif d&#8217;apprendre.<\/p>\n\n\n\n<p class=\"has-large-font-size\">Notre<span style=\"color: #8A2BE2;\"> <\/span><strong><span style=\"color: #8A2BE2;\">GARANTIE<\/span> <\/strong>: des heures d&#8217;amusement loin des \u00e9crans pour les plus jeunes, des heures de concentration pour les plus grands.<\/p>\n","protected":false},"excerpt":{"rendered":"<p>Parce que leur potentiel est immense, nous aidons les jeunes \u00e0 le r\u00e9aliser! Il ne s&#8217;agit pas de leur fournir des r\u00e9ponses toutes faites mais bien de les guider pour qu&#8217;ils les trouvent eux-m\u00eames, de raviver leur curiosit\u00e9 et leur soif d&#8217;apprendre. Notre GARANTIE : des heures d&#8217;amusement loin des \u00e9crans pour les plus jeunes, [&hellip;]<\/p>\n","protected":false},"author":1,"featured_media":0,"parent":0,"menu_order":0,"comment_status":"closed","ping_status":"closed","template":"","meta":{"footnotes":""},"class_list":["post-14","page","type-page","status-publish","hentry"],"yoast_head":"<!-- This site is optimized with the Yoast SEO plugin v24.9 - https:\/\/yoast.com\/wordpress\/plugins\/seo\/ -->\n<title>\u00c0 propos de Nos M\u00e9thodes - Ateliers de science G\u00e9otrouvetou<\/title>\n<meta name=\"robots\" content=\"index, follow, max-snippet:-1, max-image-preview:large, max-video-preview:-1\" \/>\n<link rel=\"canonical\" href=\"https:\/\/geotrouvetou.org\/index.php\/a-propos-de\/\" \/>\n<meta property=\"og:locale\" content=\"en_US\" \/>\n<meta property=\"og:type\" content=\"article\" \/>\n<meta property=\"og:title\" content=\"\u00c0 propos de Nos M\u00e9thodes - Ateliers de science G\u00e9otrouvetou\" \/>\n<meta property=\"og:description\" content=\"Parce que leur potentiel est immense, nous aidons les jeunes \u00e0 le r\u00e9aliser! Il ne s&#8217;agit pas de leur fournir des r\u00e9ponses toutes faites mais bien de les guider pour qu&#8217;ils les trouvent eux-m\u00eames, de raviver leur curiosit\u00e9 et leur soif d&#8217;apprendre. Notre GARANTIE : des heures d&#8217;amusement loin des \u00e9crans pour les plus jeunes, [&hellip;]\" \/>\n<meta property=\"og:url\" content=\"https:\/\/geotrouvetou.org\/index.php\/a-propos-de\/\" \/>\n<meta property=\"og:site_name\" content=\"Ateliers de science G\u00e9otrouvetou\" \/>\n<meta property=\"article:modified_time\" content=\"2024-09-09T20:42:26+00:00\" \/>\n<meta name=\"twitter:card\" content=\"summary_large_image\" \/>\n<meta name=\"twitter:label1\" content=\"Est. reading time\" \/>\n\t<meta name=\"twitter:data1\" content=\"1 minute\" \/>\n<script type=\"application\/ld+json\" class=\"yoast-schema-graph\">{\"@context\":\"https:\/\/schema.org\",\"@graph\":[{\"@type\":\"WebPage\",\"@id\":\"https:\/\/geotrouvetou.org\/index.php\/a-propos-de\/\",\"url\":\"https:\/\/geotrouvetou.org\/index.php\/a-propos-de\/\",\"name\":\"\u00c0 propos de Nos M\u00e9thodes - Ateliers de science G\u00e9otrouvetou\",\"isPartOf\":{\"@id\":\"https:\/\/geotrouvetou.org\/#website\"},\"datePublished\":\"2020-08-23T20:04:43+00:00\",\"dateModified\":\"2024-09-09T20:42:26+00:00\",\"breadcrumb\":{\"@id\":\"https:\/\/geotrouvetou.org\/index.php\/a-propos-de\/#breadcrumb\"},\"inLanguage\":\"en-US\",\"potentialAction\":[{\"@type\":\"ReadAction\",\"target\":[\"https:\/\/geotrouvetou.org\/index.php\/a-propos-de\/\"]}]},{\"@type\":\"BreadcrumbList\",\"@id\":\"https:\/\/geotrouvetou.org\/index.php\/a-propos-de\/#breadcrumb\",\"itemListElement\":[{\"@type\":\"ListItem\",\"position\":1,\"name\":\"Accueil\",\"item\":\"https:\/\/geotrouvetou.org\/\"},{\"@type\":\"ListItem\",\"position\":2,\"name\":\"\u00c0 propos de Nos M\u00e9thodes\"}]},{\"@type\":\"WebSite\",\"@id\":\"https:\/\/geotrouvetou.org\/#website\",\"url\":\"https:\/\/geotrouvetou.org\/\",\"name\":\"Ateliers de science G\u00e9otrouvetou\",\"description\":\"Tout Comprendre pour Mieux Apprendre!\",\"publisher\":{\"@id\":\"https:\/\/geotrouvetou.org\/#organization\"},\"potentialAction\":[{\"@type\":\"SearchAction\",\"target\":{\"@type\":\"EntryPoint\",\"urlTemplate\":\"https:\/\/geotrouvetou.org\/?s={search_term_string}\"},\"query-input\":{\"@type\":\"PropertyValueSpecification\",\"valueRequired\":true,\"valueName\":\"search_term_string\"}}],\"inLanguage\":\"en-US\"},{\"@type\":\"Organization\",\"@id\":\"https:\/\/geotrouvetou.org\/#organization\",\"name\":\"Ateliers de science G\u00e9otrouvetou\",\"url\":\"https:\/\/geotrouvetou.org\/\",\"logo\":{\"@type\":\"ImageObject\",\"inLanguage\":\"en-US\",\"@id\":\"https:\/\/geotrouvetou.org\/#\/schema\/logo\/image\/\",\"url\":\"https:\/\/geotrouvetou.org\/wp-content\/uploads\/2022\/03\/cropped-cropped-logo_20223.png\",\"contentUrl\":\"https:\/\/geotrouvetou.org\/wp-content\/uploads\/2022\/03\/cropped-cropped-logo_20223.png\",\"width\":512,\"height\":384,\"caption\":\"Ateliers de science G\u00e9otrouvetou\"},\"image\":{\"@id\":\"https:\/\/geotrouvetou.org\/#\/schema\/logo\/image\/\"}}]}<\/script>\n<!-- \/ Yoast SEO plugin. -->","yoast_head_json":{"title":"\u00c0 propos de Nos M\u00e9thodes - Ateliers de science G\u00e9otrouvetou","robots":{"index":"index","follow":"follow","max-snippet":"max-snippet:-1","max-image-preview":"max-image-preview:large","max-video-preview":"max-video-preview:-1"},"canonical":"https:\/\/geotrouvetou.org\/index.php\/a-propos-de\/","og_locale":"en_US","og_type":"article","og_title":"\u00c0 propos de Nos M\u00e9thodes - Ateliers de science G\u00e9otrouvetou","og_description":"Parce que leur potentiel est immense, nous aidons les jeunes \u00e0 le r\u00e9aliser! Il ne s&#8217;agit pas de leur fournir des r\u00e9ponses toutes faites mais bien de les guider pour qu&#8217;ils les trouvent eux-m\u00eames, de raviver leur curiosit\u00e9 et leur soif d&#8217;apprendre. Notre GARANTIE : des heures d&#8217;amusement loin des \u00e9crans pour les plus jeunes, [&hellip;]","og_url":"https:\/\/geotrouvetou.org\/index.php\/a-propos-de\/","og_site_name":"Ateliers de science G\u00e9otrouvetou","article_modified_time":"2024-09-09T20:42:26+00:00","twitter_card":"summary_large_image","twitter_misc":{"Est. reading time":"1 minute"},"schema":{"@context":"https:\/\/schema.org","@graph":[{"@type":"WebPage","@id":"https:\/\/geotrouvetou.org\/index.php\/a-propos-de\/","url":"https:\/\/geotrouvetou.org\/index.php\/a-propos-de\/","name":"\u00c0 propos de Nos M\u00e9thodes - Ateliers de science G\u00e9otrouvetou","isPartOf":{"@id":"https:\/\/geotrouvetou.org\/#website"},"datePublished":"2020-08-23T20:04:43+00:00","dateModified":"2024-09-09T20:42:26+00:00","breadcrumb":{"@id":"https:\/\/geotrouvetou.org\/index.php\/a-propos-de\/#breadcrumb"},"inLanguage":"en-US","potentialAction":[{"@type":"ReadAction","target":["https:\/\/geotrouvetou.org\/index.php\/a-propos-de\/"]}]},{"@type":"BreadcrumbList","@id":"https:\/\/geotrouvetou.org\/index.php\/a-propos-de\/#breadcrumb","itemListElement":[{"@type":"ListItem","position":1,"name":"Accueil","item":"https:\/\/geotrouvetou.org\/"},{"@type":"ListItem","position":2,"name":"\u00c0 propos de Nos M\u00e9thodes"}]},{"@type":"WebSite","@id":"https:\/\/geotrouvetou.org\/#website","url":"https:\/\/geotrouvetou.org\/","name":"Ateliers de science G\u00e9otrouvetou","description":"Tout Comprendre pour Mieux Apprendre!","publisher":{"@id":"https:\/\/geotrouvetou.org\/#organization"},"potentialAction":[{"@type":"SearchAction","target":{"@type":"EntryPoint","urlTemplate":"https:\/\/geotrouvetou.org\/?s={search_term_string}"},"query-input":{"@type":"PropertyValueSpecification","valueRequired":true,"valueName":"search_term_string"}}],"inLanguage":"en-US"},{"@type":"Organization","@id":"https:\/\/geotrouvetou.org\/#organization","name":"Ateliers de science G\u00e9otrouvetou","url":"https:\/\/geotrouvetou.org\/","logo":{"@type":"ImageObject","inLanguage":"en-US","@id":"https:\/\/geotrouvetou.org\/#\/schema\/logo\/image\/","url":"https:\/\/geotrouvetou.org\/wp-content\/uploads\/2022\/03\/cropped-cropped-logo_20223.png","contentUrl":"https:\/\/geotrouvetou.org\/wp-content\/uploads\/2022\/03\/cropped-cropped-logo_20223.png","width":512,"height":384,"caption":"Ateliers de science G\u00e9otrouvetou"},"image":{"@id":"https:\/\/geotrouvetou.org\/#\/schema\/logo\/image\/"}}]}},"_links":{"self":[{"href":"https:\/\/geotrouvetou.org\/index.php\/wp-json\/wp\/v2\/pages\/14","targetHints":{"allow":["GET"]}}],"collection":[{"href":"https:\/\/geotrouvetou.org\/index.php\/wp-json\/wp\/v2\/pages"}],"about":[{"href":"https:\/\/geotrouvetou.org\/index.php\/wp-json\/wp\/v2\/types\/page"}],"author":[{"embeddable":true,"href":"https:\/\/geotrouvetou.org\/index.php\/wp-json\/wp\/v2\/users\/1"}],"replies":[{"embeddable":true,"href":"https:\/\/geotrouvetou.org\/index.php\/wp-json\/wp\/v2\/comments?post=14"}],"version-history":[{"count":11,"href":"https:\/\/geotrouvetou.org\/index.php\/wp-json\/wp\/v2\/pages\/14\/revisions"}],"predecessor-version":[{"id":456,"href":"https:\/\/geotrouvetou.org\/index.php\/wp-json\/wp\/v2\/pages\/14\/revisions\/456"}],"wp:attachment":[{"href":"https:\/\/geotrouvetou.org\/index.php\/wp-json\/wp\/v2\/media?parent=14"}],"curies":[{"name":"wp","href":"https:\/\/api.w.org\/{rel}","templated":true}]}}