{"id":156,"date":"2020-08-29T13:06:12","date_gmt":"2020-08-29T11:06:12","guid":{"rendered":"http:\/\/geotrouvetou.org\/?page_id=156"},"modified":"2020-09-03T22:08:27","modified_gmt":"2020-09-03T20:08:27","slug":"decouvrir","status":"publish","type":"page","link":"https:\/\/geotrouvetou.org\/index.php\/decouvrir\/","title":{"rendered":"D\u00e9couvrir"},"content":{"rendered":"\n<p class=\"has-text-align-center has-large-font-size\"><strong>Tous les th\u00e8mes qui <span style=\"color: #8A2BE2;\">fascinent<\/span><\/strong> <strong>et<\/strong> <strong><span style=\"color: #8A2BE2;\">passionnent<\/span> <\/strong><\/p>\n\n\n\n<p class=\"has-text-align-center has-large-font-size\"><strong>petits et grands!<\/strong><\/p>\n\n\n\n<figure class=\"wp-block-image alignwide size-large\"><img loading=\"lazy\" decoding=\"async\" width=\"1024\" height=\"501\" src=\"http:\/\/geotrouvetou.org\/wp-content\/uploads\/2020\/08\/Image_Decouvrir-1024x501.png\" alt=\"\" class=\"wp-image-181\" srcset=\"https:\/\/geotrouvetou.org\/wp-content\/uploads\/2020\/08\/Image_Decouvrir-1024x501.png 1024w, https:\/\/geotrouvetou.org\/wp-content\/uploads\/2020\/08\/Image_Decouvrir-300x147.png 300w, https:\/\/geotrouvetou.org\/wp-content\/uploads\/2020\/08\/Image_Decouvrir-768x376.png 768w, https:\/\/geotrouvetou.org\/wp-content\/uploads\/2020\/08\/Image_Decouvrir-1536x751.png 1536w, https:\/\/geotrouvetou.org\/wp-content\/uploads\/2020\/08\/Image_Decouvrir-1200x587.png 1200w, https:\/\/geotrouvetou.org\/wp-content\/uploads\/2020\/08\/Image_Decouvrir.png 1634w\" sizes=\"auto, (max-width: 1024px) 100vw, 1024px\" \/><\/figure>\n","protected":false},"excerpt":{"rendered":"<p>Tous les th\u00e8mes qui fascinent et passionnent petits et grands!<\/p>\n","protected":false},"author":1,"featured_media":0,"parent":0,"menu_order":0,"comment_status":"closed","ping_status":"closed","template":"","meta":{"footnotes":""},"class_list":["post-156","page","type-page","status-publish","hentry"],"yoast_head":"<!-- This site is optimized with the Yoast SEO plugin v24.9 - https:\/\/yoast.com\/wordpress\/plugins\/seo\/ -->\n<title>D\u00e9couvrir - Ateliers de science G\u00e9otrouvetou<\/title>\n<meta name=\"robots\" content=\"index, follow, max-snippet:-1, max-image-preview:large, max-video-preview:-1\" \/>\n<link rel=\"canonical\" href=\"https:\/\/geotrouvetou.org\/index.php\/decouvrir\/\" \/>\n<meta property=\"og:locale\" content=\"en_US\" \/>\n<meta property=\"og:type\" content=\"article\" \/>\n<meta property=\"og:title\" content=\"D\u00e9couvrir - Ateliers de science G\u00e9otrouvetou\" \/>\n<meta property=\"og:description\" content=\"Tous les th\u00e8mes qui fascinent et passionnent petits et grands!\" \/>\n<meta property=\"og:url\" content=\"https:\/\/geotrouvetou.org\/index.php\/decouvrir\/\" \/>\n<meta property=\"og:site_name\" content=\"Ateliers de science G\u00e9otrouvetou\" \/>\n<meta property=\"article:modified_time\" content=\"2020-09-03T20:08:27+00:00\" \/>\n<meta property=\"og:image\" content=\"http:\/\/geotrouvetou.org\/wp-content\/uploads\/2020\/08\/Image_Decouvrir-1024x501.png\" \/>\n<meta name=\"twitter:card\" content=\"summary_large_image\" \/>\n<script type=\"application\/ld+json\" class=\"yoast-schema-graph\">{\"@context\":\"https:\/\/schema.org\",\"@graph\":[{\"@type\":\"WebPage\",\"@id\":\"https:\/\/geotrouvetou.org\/index.php\/decouvrir\/\",\"url\":\"https:\/\/geotrouvetou.org\/index.php\/decouvrir\/\",\"name\":\"D\u00e9couvrir - Ateliers de science G\u00e9otrouvetou\",\"isPartOf\":{\"@id\":\"https:\/\/geotrouvetou.org\/#website\"},\"primaryImageOfPage\":{\"@id\":\"https:\/\/geotrouvetou.org\/index.php\/decouvrir\/#primaryimage\"},\"image\":{\"@id\":\"https:\/\/geotrouvetou.org\/index.php\/decouvrir\/#primaryimage\"},\"thumbnailUrl\":\"http:\/\/geotrouvetou.org\/wp-content\/uploads\/2020\/08\/Image_Decouvrir-1024x501.png\",\"datePublished\":\"2020-08-29T11:06:12+00:00\",\"dateModified\":\"2020-09-03T20:08:27+00:00\",\"breadcrumb\":{\"@id\":\"https:\/\/geotrouvetou.org\/index.php\/decouvrir\/#breadcrumb\"},\"inLanguage\":\"en-US\",\"potentialAction\":[{\"@type\":\"ReadAction\",\"target\":[\"https:\/\/geotrouvetou.org\/index.php\/decouvrir\/\"]}]},{\"@type\":\"ImageObject\",\"inLanguage\":\"en-US\",\"@id\":\"https:\/\/geotrouvetou.org\/index.php\/decouvrir\/#primaryimage\",\"url\":\"http:\/\/geotrouvetou.org\/wp-content\/uploads\/2020\/08\/Image_Decouvrir-1024x501.png\",\"contentUrl\":\"http:\/\/geotrouvetou.org\/wp-content\/uploads\/2020\/08\/Image_Decouvrir-1024x501.png\"},{\"@type\":\"BreadcrumbList\",\"@id\":\"https:\/\/geotrouvetou.org\/index.php\/decouvrir\/#breadcrumb\",\"itemListElement\":[{\"@type\":\"ListItem\",\"position\":1,\"name\":\"Accueil\",\"item\":\"https:\/\/geotrouvetou.org\/\"},{\"@type\":\"ListItem\",\"position\":2,\"name\":\"D\u00e9couvrir\"}]},{\"@type\":\"WebSite\",\"@id\":\"https:\/\/geotrouvetou.org\/#website\",\"url\":\"https:\/\/geotrouvetou.org\/\",\"name\":\"Ateliers de science G\u00e9otrouvetou\",\"description\":\"Tout Comprendre pour Mieux Apprendre!\",\"publisher\":{\"@id\":\"https:\/\/geotrouvetou.org\/#organization\"},\"potentialAction\":[{\"@type\":\"SearchAction\",\"target\":{\"@type\":\"EntryPoint\",\"urlTemplate\":\"https:\/\/geotrouvetou.org\/?s={search_term_string}\"},\"query-input\":{\"@type\":\"PropertyValueSpecification\",\"valueRequired\":true,\"valueName\":\"search_term_string\"}}],\"inLanguage\":\"en-US\"},{\"@type\":\"Organization\",\"@id\":\"https:\/\/geotrouvetou.org\/#organization\",\"name\":\"Ateliers de science G\u00e9otrouvetou\",\"url\":\"https:\/\/geotrouvetou.org\/\",\"logo\":{\"@type\":\"ImageObject\",\"inLanguage\":\"en-US\",\"@id\":\"https:\/\/geotrouvetou.org\/#\/schema\/logo\/image\/\",\"url\":\"https:\/\/geotrouvetou.org\/wp-content\/uploads\/2022\/03\/cropped-cropped-logo_20223.png\",\"contentUrl\":\"https:\/\/geotrouvetou.org\/wp-content\/uploads\/2022\/03\/cropped-cropped-logo_20223.png\",\"width\":512,\"height\":384,\"caption\":\"Ateliers de science G\u00e9otrouvetou\"},\"image\":{\"@id\":\"https:\/\/geotrouvetou.org\/#\/schema\/logo\/image\/\"}}]}<\/script>\n<!-- \/ Yoast SEO plugin. -->","yoast_head_json":{"title":"D\u00e9couvrir - Ateliers de science G\u00e9otrouvetou","robots":{"index":"index","follow":"follow","max-snippet":"max-snippet:-1","max-image-preview":"max-image-preview:large","max-video-preview":"max-video-preview:-1"},"canonical":"https:\/\/geotrouvetou.org\/index.php\/decouvrir\/","og_locale":"en_US","og_type":"article","og_title":"D\u00e9couvrir - Ateliers de science G\u00e9otrouvetou","og_description":"Tous les th\u00e8mes qui fascinent et passionnent petits et grands!","og_url":"https:\/\/geotrouvetou.org\/index.php\/decouvrir\/","og_site_name":"Ateliers de science G\u00e9otrouvetou","article_modified_time":"2020-09-03T20:08:27+00:00","og_image":[{"url":"http:\/\/geotrouvetou.org\/wp-content\/uploads\/2020\/08\/Image_Decouvrir-1024x501.png","type":"","width":"","height":""}],"twitter_card":"summary_large_image","schema":{"@context":"https:\/\/schema.org","@graph":[{"@type":"WebPage","@id":"https:\/\/geotrouvetou.org\/index.php\/decouvrir\/","url":"https:\/\/geotrouvetou.org\/index.php\/decouvrir\/","name":"D\u00e9couvrir - Ateliers de science G\u00e9otrouvetou","isPartOf":{"@id":"https:\/\/geotrouvetou.org\/#website"},"primaryImageOfPage":{"@id":"https:\/\/geotrouvetou.org\/index.php\/decouvrir\/#primaryimage"},"image":{"@id":"https:\/\/geotrouvetou.org\/index.php\/decouvrir\/#primaryimage"},"thumbnailUrl":"http:\/\/geotrouvetou.org\/wp-content\/uploads\/2020\/08\/Image_Decouvrir-1024x501.png","datePublished":"2020-08-29T11:06:12+00:00","dateModified":"2020-09-03T20:08:27+00:00","breadcrumb":{"@id":"https:\/\/geotrouvetou.org\/index.php\/decouvrir\/#breadcrumb"},"inLanguage":"en-US","potentialAction":[{"@type":"ReadAction","target":["https:\/\/geotrouvetou.org\/index.php\/decouvrir\/"]}]},{"@type":"ImageObject","inLanguage":"en-US","@id":"https:\/\/geotrouvetou.org\/index.php\/decouvrir\/#primaryimage","url":"http:\/\/geotrouvetou.org\/wp-content\/uploads\/2020\/08\/Image_Decouvrir-1024x501.png","contentUrl":"http:\/\/geotrouvetou.org\/wp-content\/uploads\/2020\/08\/Image_Decouvrir-1024x501.png"},{"@type":"BreadcrumbList","@id":"https:\/\/geotrouvetou.org\/index.php\/decouvrir\/#breadcrumb","itemListElement":[{"@type":"ListItem","position":1,"name":"Accueil","item":"https:\/\/geotrouvetou.org\/"},{"@type":"ListItem","position":2,"name":"D\u00e9couvrir"}]},{"@type":"WebSite","@id":"https:\/\/geotrouvetou.org\/#website","url":"https:\/\/geotrouvetou.org\/","name":"Ateliers de science G\u00e9otrouvetou","description":"Tout Comprendre pour Mieux Apprendre!","publisher":{"@id":"https:\/\/geotrouvetou.org\/#organization"},"potentialAction":[{"@type":"SearchAction","target":{"@type":"EntryPoint","urlTemplate":"https:\/\/geotrouvetou.org\/?s={search_term_string}"},"query-input":{"@type":"PropertyValueSpecification","valueRequired":true,"valueName":"search_term_string"}}],"inLanguage":"en-US"},{"@type":"Organization","@id":"https:\/\/geotrouvetou.org\/#organization","name":"Ateliers de science G\u00e9otrouvetou","url":"https:\/\/geotrouvetou.org\/","logo":{"@type":"ImageObject","inLanguage":"en-US","@id":"https:\/\/geotrouvetou.org\/#\/schema\/logo\/image\/","url":"https:\/\/geotrouvetou.org\/wp-content\/uploads\/2022\/03\/cropped-cropped-logo_20223.png","contentUrl":"https:\/\/geotrouvetou.org\/wp-content\/uploads\/2022\/03\/cropped-cropped-logo_20223.png","width":512,"height":384,"caption":"Ateliers de science G\u00e9otrouvetou"},"image":{"@id":"https:\/\/geotrouvetou.org\/#\/schema\/logo\/image\/"}}]}},"_links":{"self":[{"href":"https:\/\/geotrouvetou.org\/index.php\/wp-json\/wp\/v2\/pages\/156","targetHints":{"allow":["GET"]}}],"collection":[{"href":"https:\/\/geotrouvetou.org\/index.php\/wp-json\/wp\/v2\/pages"}],"about":[{"href":"https:\/\/geotrouvetou.org\/index.php\/wp-json\/wp\/v2\/types\/page"}],"author":[{"embeddable":true,"href":"https:\/\/geotrouvetou.org\/index.php\/wp-json\/wp\/v2\/users\/1"}],"replies":[{"embeddable":true,"href":"https:\/\/geotrouvetou.org\/index.php\/wp-json\/wp\/v2\/comments?post=156"}],"version-history":[{"count":9,"href":"https:\/\/geotrouvetou.org\/index.php\/wp-json\/wp\/v2\/pages\/156\/revisions"}],"predecessor-version":[{"id":249,"href":"https:\/\/geotrouvetou.org\/index.php\/wp-json\/wp\/v2\/pages\/156\/revisions\/249"}],"wp:attachment":[{"href":"https:\/\/geotrouvetou.org\/index.php\/wp-json\/wp\/v2\/media?parent=156"}],"curies":[{"name":"wp","href":"https:\/\/api.w.org\/{rel}","templated":true}]}}